{"id":130,"date":"2025-11-17T10:13:15","date_gmt":"2025-11-17T08:13:15","guid":{"rendered":"https:\/\/www.mitjatapio.fi\/?page_id=130"},"modified":"2025-11-17T10:13:15","modified_gmt":"2025-11-17T08:13:15","slug":"voittava-vasemmistoliitto","status":"publish","type":"page","link":"https:\/\/www.mitjatapio.fi\/index.php\/voittava-vasemmistoliitto\/","title":{"rendered":"Voittava vasemmistoliitto"},"content":{"rendered":"\n<p class=\"has-white-background-color has-background\">Vuosikymmeni\u00e4 kiihtynyt oikeistopolitiikan voittokulku on lannistanut meit\u00e4, mutta nyt sen on aika p\u00e4\u00e4tty\u00e4. Viime vuosien vaalivoitot, j\u00e4senm\u00e4\u00e4r\u00e4mme huima kasvu ja monet kansainv\u00e4liset esimerkit kertovat meille, ett\u00e4 tinkim\u00e4tt\u00f6m\u00e4n vasemmistolaiselle politiikalle on tilausta. Nyt on aika rakentaa rohkeasti puhuttelevaa vasemmistolaista vaihtoehtoa ja <strong>ottaa tavoitteeksi, ett\u00e4 vasemmistoliitosta tulee johtava vasemmistopuolue paitsi aatteessa, my\u00f6s kannatuksessa.<br><\/strong><br><strong>Jos minut valitaan puoluevaltuuston puheenjohtajaksi, otan tavoitteekseni, ett\u00e4 panostamme l\u00e4sn\u00e4olemiseen ja puhuttelevaan viestint\u00e4\u00e4n sek\u00e4 keskitymme takomaan toisenlaista tulevaisuutta.<br><\/strong><br>Vasemmistoliiton on oltava l\u00e4sn\u00e4 ja l\u00e4hell\u00e4 \u2013 kaikkialla. Vain verkossa ei vaaleja voiteta, vaan meid\u00e4n on yhdess\u00e4 varmistettava, ett\u00e4 koko maassa vasemmistolaiset toimijat ovat saavutettavissa, samastuttavia ja kuulolla. <strong>Ihmisten kohtaamisen voima on valtava, ja se meid\u00e4n on otettava tehok\u00e4ytt\u00f6\u00f6n.<br><\/strong><br>Merkityst\u00e4 ei ole vain sill\u00e4, mit\u00e4 sanomme vaan my\u00f6s sill\u00e4, miten sanomme. Viestin tai tavoitteiden ei pid\u00e4 v\u00e4lj\u00e4hty\u00e4, eik\u00e4 tiet\u00e4 vaalivoittoihin rakenneta antamalla muiden rakentaa poliittista pelikentt\u00e4\u00e4, vaan rakentamalla sit\u00e4 itse. Vasemmistolaisen politiikan on n\u00e4ytt\u00e4ydytt\u00e4v\u00e4 ymm\u00e4rrett\u00e4v\u00e4n\u00e4 ja l\u00e4hestytt\u00e4v\u00e4n\u00e4 \u2013 tavoitteista tinkim\u00e4tt\u00e4. Politiikka on tunnelaji, <strong>emmek\u00e4 me voita pelkki\u00e4 faktoja luettelemalla, vaan avaamalla uskottavasti ja vetoavasti, mit\u00e4 vasemmistolainen politiikka ihmisten arjessa tarkoittaa.<br><\/strong><br><strong>Oikeistohallitus ei tee meille vaalivoittoa, vaan me teemme sen itse<\/strong>, emmek\u00e4 me saavuta ihmisten luottamusta kertomalla, kuinka muut ovat huonoja, vaan osoittamalla, ett\u00e4 meill\u00e4 on parhaat ratkaisut. Vaality\u00f6h\u00f6n ja muuhun kampanjointiin on voitava osallistua matalalla kynnyksell\u00e4, kent\u00e4ll\u00e4 tapahtuvalle ty\u00f6lle on annettava riitt\u00e4v\u00e4 tuki ja meid\u00e4n on my\u00f6s valettava keskin\u00e4ist\u00e4 luottamusta, jotta puhallamme yhteen hiileen.<br><br>Lue my\u00f6s muista kampanjateemoistani!<br><a href=\"https:\/\/www.mitjatapio.fi\/index.php\/jasenten-vasemmistoliitto\/\" data-type=\"page\" data-id=\"124\">J\u00e4senten vasemmistoliitto<\/a><br><a href=\"https:\/\/www.mitjatapio.fi\/index.php\/demokraattinen-vasemmistoliitto\/\" data-type=\"page\" data-id=\"126\">Demokraattinen vasemmistoliitto<\/a><\/p>\n","protected":false},"excerpt":{"rendered":"<p>Vuosikymmeni\u00e4 kiihtynyt oikeistopolitiikan voittokulku on lannistanut meit\u00e4, mutta nyt sen on aika p\u00e4\u00e4tty\u00e4. Viime vuosien vaalivoitot, j\u00e4senm\u00e4\u00e4r\u00e4mme huima kasvu ja monet kansainv\u00e4liset esimerkit kertovat meille, ett\u00e4 tinkim\u00e4tt\u00f6m\u00e4n vasemmistolaiselle politiikalle on tilausta. Nyt on aika rakentaa rohkeasti puhuttelevaa vasemmistolaista vaihtoehtoa ja ottaa tavoitteeksi, ett\u00e4 vasemmistoliitosta tulee johtava vasemmistopuolue paitsi aatteessa, my\u00f6s kannatuksessa.Jos minut valitaan puoluevaltuuston puheenjohtajaksi,&hellip; <a class=\"more-link\" href=\"https:\/\/www.mitjatapio.fi\/index.php\/voittava-vasemmistoliitto\/\">Jatka lukemista <span class=\"screen-reader-text\">Voittava vasemmistoliitto<\/span><\/a><\/p>\n","protected":false},"author":1,"featured_media":0,"parent":0,"menu_order":0,"comment_status":"closed","ping_status":"closed","template":"","meta":{"footnotes":""},"class_list":["post-130","page","type-page","status-publish","hentry","entry"],"_links":{"self":[{"href":"https:\/\/www.mitjatapio.fi\/index.php\/wp-json\/wp\/v2\/pages\/130","targetHints":{"allow":["GET"]}}],"collection":[{"href":"https:\/\/www.mitjatapio.fi\/index.php\/wp-json\/wp\/v2\/pages"}],"about":[{"href":"https:\/\/www.mitjatapio.fi\/index.php\/wp-json\/wp\/v2\/types\/page"}],"author":[{"embeddable":true,"href":"https:\/\/www.mitjatapio.fi\/index.php\/wp-json\/wp\/v2\/users\/1"}],"replies":[{"embeddable":true,"href":"https:\/\/www.mitjatapio.fi\/index.php\/wp-json\/wp\/v2\/comments?post=130"}],"version-history":[{"count":1,"href":"https:\/\/www.mitjatapio.fi\/index.php\/wp-json\/wp\/v2\/pages\/130\/revisions"}],"predecessor-version":[{"id":131,"href":"https:\/\/www.mitjatapio.fi\/index.php\/wp-json\/wp\/v2\/pages\/130\/revisions\/131"}],"wp:attachment":[{"href":"https:\/\/www.mitjatapio.fi\/index.php\/wp-json\/wp\/v2\/media?parent=130"}],"curies":[{"name":"wp","href":"https:\/\/api.w.org\/{rel}","templated":true}]}}