{"id":126,"date":"2025-11-17T10:09:34","date_gmt":"2025-11-17T08:09:34","guid":{"rendered":"https:\/\/www.mitjatapio.fi\/?page_id=126"},"modified":"2025-11-17T10:14:48","modified_gmt":"2025-11-17T08:14:48","slug":"demokraattinen-vasemmistoliitto","status":"publish","type":"page","link":"https:\/\/www.mitjatapio.fi\/index.php\/demokraattinen-vasemmistoliitto\/","title":{"rendered":"Demokraattinen vasemmistoliitto"},"content":{"rendered":"\n<p class=\"has-white-background-color has-background\">Puoluedemokratia on tae sille, ett\u00e4 puolue itsess\u00e4\u00e4n on vaikuttava paikka maailman muuttamiselle. <strong>Vasemmistoliittoon tullaan vahvojen ja perustelujen n\u00e4kemysten kera \u2013 ja se ansaitsee arvostusta!<\/strong> Suuret linjavedot, kuten puoluekokouskauden pituus, ovat puoluekokouksen p\u00e4\u00e4t\u00f6ksi\u00e4, mutta merkityksellist\u00e4 on my\u00f6s, kuinka puoluekokousten v\u00e4lill\u00e4 taataan, ett\u00e4 valta on j\u00e4senten k\u00e4siss\u00e4.<br><br><strong>Jos minut valitaan puoluevaltuuston puheenjohtajaksi, otan tavoitteekseni, ett\u00e4 puoluevaltuuston j\u00e4senet kokevat teht\u00e4v\u00e4ns\u00e4 aidosti vaikutusvaltaiseksi ja kaikilla puolueen j\u00e4senill\u00e4 on matala kynnys vaikuttaa puolueeseen.<br><\/strong><br>Puoluevaltuusto on puoluekokousten v\u00e4lill\u00e4 ylin p\u00e4\u00e4tt\u00e4v\u00e4 elin ja siksi puoluevaltuuston aseman on oltava vahva my\u00f6s k\u00e4yt\u00e4nn\u00f6ss\u00e4. Puheenjohtajana tahdon edist\u00e4\u00e4 moni\u00e4\u00e4nist\u00e4 ja ter\u00e4v\u00e4\u00e4kin, mutta tovereita arvostavaan keskusteluun kannustavaa toimintakulttuuria. Lis\u00e4ksi puoluevaltuuston puheenjohtajalla on oltava kyky\u00e4 toimia valtuuston edunvalvojana ja varmistaa, ett\u00e4 puoluevaltuustolla on aito mahdollisuus ohjata ja kehitt\u00e4\u00e4 puolueen toimintaa ja politiikkaa. <strong>Kumileimasimena toimiminen ei riit\u00e4.<\/strong><br><br><strong>Puoluedemokratia el\u00e4\u00e4, kun sen v\u00e4lineet ovat helposti saavutettavissa.<\/strong> Yhdess\u00e4 puolueyhdistysten kanssa on kehitett\u00e4v\u00e4 p\u00e4\u00e4t\u00f6ksentekoon liittyv\u00e4\u00e4 vuorovaikutusta ja tiedon saatavuutta, jotta vaikutusmahdollisuudet eiv\u00e4t hautaudu vain puolueen s\u00e4\u00e4nt\u00f6ihin tai tiedonsaanti j\u00e4\u00e4 puskaradion varaan. Ohjelmaty\u00f6t\u00e4 kehitt\u00e4m\u00e4ll\u00e4 luomme pohjaa moni\u00e4\u00e4nisemm\u00e4lle poliittiselle keskustelulle puolueen sis\u00e4ll\u00e4. My\u00f6s aivan uudet ideat puoluedemokratian kehitt\u00e4miseksi t\u00e4ytyy ottaa sujuvasti ja matalalla kynnyksell\u00e4 k\u00e4ytt\u00f6\u00f6n.<br><br>Lue my\u00f6s muista teemoistani!<br><a href=\"https:\/\/www.mitjatapio.fi\/index.php\/jasenten-vasemmistoliitto\/\" data-type=\"page\" data-id=\"124\">J\u00e4senten vasemmistoliitto<\/a><br><a href=\"https:\/\/www.mitjatapio.fi\/index.php\/voittava-vasemmistoliitto\/\" data-type=\"page\" data-id=\"130\">Voittava vasemmistoliitto<\/a><\/p>\n\n\n\n<p><\/p>\n\n\n\n<p><\/p>\n","protected":false},"excerpt":{"rendered":"<p>Puoluedemokratia on tae sille, ett\u00e4 puolue itsess\u00e4\u00e4n on vaikuttava paikka maailman muuttamiselle. Vasemmistoliittoon tullaan vahvojen ja perustelujen n\u00e4kemysten kera \u2013 ja se ansaitsee arvostusta! Suuret linjavedot, kuten puoluekokouskauden pituus, ovat puoluekokouksen p\u00e4\u00e4t\u00f6ksi\u00e4, mutta merkityksellist\u00e4 on my\u00f6s, kuinka puoluekokousten v\u00e4lill\u00e4 taataan, ett\u00e4 valta on j\u00e4senten k\u00e4siss\u00e4. Jos minut valitaan puoluevaltuuston puheenjohtajaksi, otan tavoitteekseni, ett\u00e4 puoluevaltuuston j\u00e4senet&hellip; <a class=\"more-link\" href=\"https:\/\/www.mitjatapio.fi\/index.php\/demokraattinen-vasemmistoliitto\/\">Jatka lukemista <span class=\"screen-reader-text\">Demokraattinen vasemmistoliitto<\/span><\/a><\/p>\n","protected":false},"author":1,"featured_media":0,"parent":0,"menu_order":0,"comment_status":"closed","ping_status":"closed","template":"","meta":{"footnotes":""},"class_list":["post-126","page","type-page","status-publish","hentry","entry"],"_links":{"self":[{"href":"https:\/\/www.mitjatapio.fi\/index.php\/wp-json\/wp\/v2\/pages\/126","targetHints":{"allow":["GET"]}}],"collection":[{"href":"https:\/\/www.mitjatapio.fi\/index.php\/wp-json\/wp\/v2\/pages"}],"about":[{"href":"https:\/\/www.mitjatapio.fi\/index.php\/wp-json\/wp\/v2\/types\/page"}],"author":[{"embeddable":true,"href":"https:\/\/www.mitjatapio.fi\/index.php\/wp-json\/wp\/v2\/users\/1"}],"replies":[{"embeddable":true,"href":"https:\/\/www.mitjatapio.fi\/index.php\/wp-json\/wp\/v2\/comments?post=126"}],"version-history":[{"count":3,"href":"https:\/\/www.mitjatapio.fi\/index.php\/wp-json\/wp\/v2\/pages\/126\/revisions"}],"predecessor-version":[{"id":135,"href":"https:\/\/www.mitjatapio.fi\/index.php\/wp-json\/wp\/v2\/pages\/126\/revisions\/135"}],"wp:attachment":[{"href":"https:\/\/www.mitjatapio.fi\/index.php\/wp-json\/wp\/v2\/media?parent=126"}],"curies":[{"name":"wp","href":"https:\/\/api.w.org\/{rel}","templated":true}]}}