{"id":124,"date":"2025-11-17T10:07:04","date_gmt":"2025-11-17T08:07:04","guid":{"rendered":"https:\/\/www.mitjatapio.fi\/?page_id=124"},"modified":"2025-11-17T10:14:32","modified_gmt":"2025-11-17T08:14:32","slug":"jasenten-vasemmistoliitto","status":"publish","type":"page","link":"https:\/\/www.mitjatapio.fi\/index.php\/jasenten-vasemmistoliitto\/","title":{"rendered":"J\u00e4senten vasemmistoliitto"},"content":{"rendered":"\n<p class=\"has-white-background-color has-background\">Vasemmistoliitto on yht\u00e4 kuin j\u00e4senens\u00e4. <strong>Voitamme vaalit, poliittiset kamppailut ja ihmisten syd\u00e4met koko puolueen yhteisell\u00e4 ty\u00f6ll\u00e4<\/strong>: n\u00e4it\u00e4 voittoja ei rakenneta yksin puoluetoimistolta tai eduskuntaryhm\u00e4st\u00e4 k\u00e4sin, vaan niit\u00e4 varten tarvitsemme koko kent\u00e4n mukaan toimimaan. Muut voivat voittaa vaaleja rahalla \u2013 me voitamme niit\u00e4 ihmisten sitoutumisella.<br><br><strong>Jos minut valitaan puoluevaltuuston puheenjohtajaksi, otan tavoitteekseni, ett\u00e4 puoluekokouskauden lopussa aktiivisesti toiminnassa mukana olevien j\u00e4senten joukko on kasvanut ja moninaistunut ja yh\u00e4 useampi j\u00e4sen kokee toiminnan puolueessa poliittisesti merkitykselliseksi.<br><\/strong><br>Vasemmistoliiton j\u00e4senm\u00e4\u00e4r\u00e4 on historiallisessa kasvussa. Reitti j\u00e4senlomakkeen t\u00e4ytt\u00e4misest\u00e4 puolueen aktiiviksi t\u00e4ytyy olla sujuva: me emme voi uuvuttaa ihmisi\u00e4 j\u00e4rjest\u00f6byrokratialla tai sammuttaa ihmisten intoa sill\u00e4, ett\u00e4 mielek\u00e4st\u00e4 tekemist\u00e4 ei ole. <strong>Kun jokainen j\u00e4sen saa paitsi osallistua, my\u00f6s luoda uutta, politiikkaan syntyy sellaista energiaa, jolla muutetaan maailmaa.<br><\/strong><br><strong>Meid\u00e4n t\u00e4ytyy my\u00f6s purkaa osallistumisen esteit\u00e4.<\/strong> Vasemmistoliitto ei ole puolue vain niille, jotka puhuvat suomenkielist\u00e4 poliittista jargonia \u00e4idinkielen\u00e4\u00e4n, joten meid\u00e4n t\u00e4ytyy panostaa niin selke\u00e4\u00e4n viestint\u00e4\u00e4n kuin monenlaisten taustojen arvostamiseen. Yhdenvertaisuuden ykk\u00f6spuolueena meid\u00e4n t\u00e4ytyy jatkaa my\u00f6s sis\u00e4ist\u00e4 yhdenvertaisuusty\u00f6t\u00e4: antirasistisena ja feministisen\u00e4 puolueena meid\u00e4n teht\u00e4v\u00e4mme on raivata esteit\u00e4 poliittiselta vaikuttamiselta puolueen sis\u00e4ll\u00e4kin.<br><br>Kun uusi j\u00e4sen tulee mukaan toimintaan, h\u00e4n tulee, koska h\u00e4n tahtoo vaikuttaa yhteiskuntaan. Yksi\u00e4k\u00e4\u00e4n vaaleja ei voiteta ilman kahvinkeittoa ja toritelttojen pystytt\u00e4mist\u00e4, mutta <strong>politiikan suola on asiasis\u00e4ll\u00f6iss\u00e4<\/strong>. Muun muassa valtakunnallisilla kampanjoilla me voimme rakentaa puolueesta alustan, jolla jokainen j\u00e4sen voi konkreettisesti olla nostamassa vasemmistolaisia poliittisia vaatimuksia p\u00e4iv\u00e4npolitiikan asialistalle ja n\u00e4hd\u00e4 niiden tulevan todeksi.<br><br>Lue my\u00f6s muista kampanjateemoistani!<br><a href=\"https:\/\/www.mitjatapio.fi\/index.php\/demokraattinen-vasemmistoliitto\/\" data-type=\"page\" data-id=\"126\">Demokraattinen vasemmistoliitto<\/a><br><a href=\"https:\/\/www.mitjatapio.fi\/index.php\/voittava-vasemmistoliitto\/\" data-type=\"page\" data-id=\"130\">Voittava vasemmistoliitto<\/a><\/p>\n","protected":false},"excerpt":{"rendered":"<p>Vasemmistoliitto on yht\u00e4 kuin j\u00e4senens\u00e4. Voitamme vaalit, poliittiset kamppailut ja ihmisten syd\u00e4met koko puolueen yhteisell\u00e4 ty\u00f6ll\u00e4: n\u00e4it\u00e4 voittoja ei rakenneta yksin puoluetoimistolta tai eduskuntaryhm\u00e4st\u00e4 k\u00e4sin, vaan niit\u00e4 varten tarvitsemme koko kent\u00e4n mukaan toimimaan. Muut voivat voittaa vaaleja rahalla \u2013 me voitamme niit\u00e4 ihmisten sitoutumisella. Jos minut valitaan puoluevaltuuston puheenjohtajaksi, otan tavoitteekseni, ett\u00e4 puoluekokouskauden lopussa aktiivisesti&hellip; <a class=\"more-link\" href=\"https:\/\/www.mitjatapio.fi\/index.php\/jasenten-vasemmistoliitto\/\">Jatka lukemista <span class=\"screen-reader-text\">J\u00e4senten vasemmistoliitto<\/span><\/a><\/p>\n","protected":false},"author":1,"featured_media":0,"parent":0,"menu_order":0,"comment_status":"closed","ping_status":"closed","template":"","meta":{"footnotes":""},"class_list":["post-124","page","type-page","status-publish","hentry","entry"],"_links":{"self":[{"href":"https:\/\/www.mitjatapio.fi\/index.php\/wp-json\/wp\/v2\/pages\/124","targetHints":{"allow":["GET"]}}],"collection":[{"href":"https:\/\/www.mitjatapio.fi\/index.php\/wp-json\/wp\/v2\/pages"}],"about":[{"href":"https:\/\/www.mitjatapio.fi\/index.php\/wp-json\/wp\/v2\/types\/page"}],"author":[{"embeddable":true,"href":"https:\/\/www.mitjatapio.fi\/index.php\/wp-json\/wp\/v2\/users\/1"}],"replies":[{"embeddable":true,"href":"https:\/\/www.mitjatapio.fi\/index.php\/wp-json\/wp\/v2\/comments?post=124"}],"version-history":[{"count":2,"href":"https:\/\/www.mitjatapio.fi\/index.php\/wp-json\/wp\/v2\/pages\/124\/revisions"}],"predecessor-version":[{"id":134,"href":"https:\/\/www.mitjatapio.fi\/index.php\/wp-json\/wp\/v2\/pages\/124\/revisions\/134"}],"wp:attachment":[{"href":"https:\/\/www.mitjatapio.fi\/index.php\/wp-json\/wp\/v2\/media?parent=124"}],"curies":[{"name":"wp","href":"https:\/\/api.w.org\/{rel}","templated":true}]}}