{"id":87,"date":"2025-03-22T13:07:39","date_gmt":"2025-03-22T11:07:39","guid":{"rendered":"https:\/\/www.mitjatapio.fi\/?page_id=87"},"modified":"2025-11-17T09:34:56","modified_gmt":"2025-11-17T07:34:56","slug":"kulunut-valtuustokausi","status":"publish","type":"page","link":"http:\/\/www.mitjatapio.fi\/index.php\/kulunut-valtuustokausi\/","title":{"rendered":"Valtuustokausi 2021-2025"},"content":{"rendered":"\n<p class=\"has-white-background-color has-background\">Kuluneella valtuustokaudella olen tehnyt tinkim\u00e4tt\u00f6m\u00e4sti ty\u00f6t\u00e4 sosiaalisesti ja ekologisesti oikeudenmukaisen kaupungin puolesta. Valtuustokausi on ollut tapahtumarikas, joten listaan t\u00e4ss\u00e4 er\u00e4it\u00e4 mieleenpainuneita esimerkkej\u00e4 kuluneen valtuustokauden voitoista ja tappioista. Olen muun muassa..<br><br>&#8211; ollut neuvottelemassa yhteens\u00e4 200 000 euron lis\u00e4ykset kaupungin k\u00f6yhyysty\u00f6h\u00f6n, kuten aktiivipassiin, ruoka-apuun ja asumisneuvontaan<br><br>&#8211; per\u00e4\u00e4nkuuluttanut kaupungilta muita toimenpiteit\u00e4 hallituspolitiikan aiheuttamaan eriarvoisuuden kasvuun ja asunnottomuuteen vastaamiseksi<br><br>&#8211; esitt\u00e4nyt onnistuneesti, ett\u00e4 Tampere torjuu massiivisesti lintukuolemia aiheuttavaa lasirakentamista<br><br>&#8211; tavoitellut sit\u00e4, ett\u00e4 kaupunki luopuu sellaisista sijoituksista ja hankinnoista, jotka tukevat Israelin apartheid-politiikkaa<br><br>&#8211; yritt\u00e4nyt torjua Tampereen Veden yhti\u00f6itt\u00e4misen, jotta vesihuoltoon liittyv\u00e4 p\u00e4\u00e4t\u00f6ksenteko ei olisi luisunut kuntademokratian ulkopuolelle<br><br>&#8211; ollut mukana tekem\u00e4ss\u00e4 valtuustoaloitteita Kauppi-Niihaman suojelemiseksi ja el\u00e4inper\u00e4isten tuotteiden kuluttamisen puolittamiseksi kaupungin palveluissa &#8212; molemmat aloitteet k\u00e4sitell\u00e4\u00e4n valtuustossa vaalien j\u00e4lkeen<br><br>&#8211; vaatinut, ett\u00e4 kaupunki tekee kaikkensa, jotta Ruskon katastrofaalisen onnettomuuden aiheuttanut j\u00e4tteenk\u00e4sittelylaitos siirret\u00e4\u00e4n pois ja ett\u00e4 kaupunki selvitt\u00e4\u00e4, miksi se ei ole reagoinut laitoksen ongelmiin ajoissa riitt\u00e4v\u00e4n painokkaasti<br><br>&#8211; tehnyt hyv\u00e4ksytyn esityksen, ett\u00e4 Tampere ryhtyy toimiin kulttuuripalveluiden saavutettavuuden vahvistamiseksi neuroep\u00e4tyypillisille kaupunkilaisille<br><br>&#8211; yritt\u00e4nyt taata, ett\u00e4 maanalaista pys\u00e4k\u00f6inti\u00e4 lis\u00e4tess\u00e4\u00e4n Tampere vastaavasti v\u00e4hent\u00e4\u00e4 parkkipaikkoja keskustassa maan p\u00e4\u00e4lt\u00e4<\/p>\n","protected":false},"excerpt":{"rendered":"<p>Kuluneella valtuustokaudella olen tehnyt tinkim\u00e4tt\u00f6m\u00e4sti ty\u00f6t\u00e4 sosiaalisesti ja ekologisesti oikeudenmukaisen kaupungin puolesta. Valtuustokausi on ollut tapahtumarikas, joten listaan t\u00e4ss\u00e4 er\u00e4it\u00e4 mieleenpainuneita esimerkkej\u00e4 kuluneen valtuustokauden voitoista ja tappioista. Olen muun muassa.. &#8211; ollut neuvottelemassa yhteens\u00e4 200 000 euron lis\u00e4ykset kaupungin k\u00f6yhyysty\u00f6h\u00f6n, kuten aktiivipassiin, ruoka-apuun ja asumisneuvontaan &#8211; per\u00e4\u00e4nkuuluttanut kaupungilta muita toimenpiteit\u00e4 hallituspolitiikan aiheuttamaan eriarvoisuuden kasvuun ja&hellip; <a class=\"more-link\" href=\"http:\/\/www.mitjatapio.fi\/index.php\/kulunut-valtuustokausi\/\">Jatka lukemista <span class=\"screen-reader-text\">Valtuustokausi 2021-2025<\/span><\/a><\/p>\n","protected":false},"author":1,"featured_media":0,"parent":0,"menu_order":0,"comment_status":"closed","ping_status":"closed","template":"","meta":{"footnotes":""},"class_list":["post-87","page","type-page","status-publish","hentry","entry"],"_links":{"self":[{"href":"http:\/\/www.mitjatapio.fi\/index.php\/wp-json\/wp\/v2\/pages\/87","targetHints":{"allow":["GET"]}}],"collection":[{"href":"http:\/\/www.mitjatapio.fi\/index.php\/wp-json\/wp\/v2\/pages"}],"about":[{"href":"http:\/\/www.mitjatapio.fi\/index.php\/wp-json\/wp\/v2\/types\/page"}],"author":[{"embeddable":true,"href":"http:\/\/www.mitjatapio.fi\/index.php\/wp-json\/wp\/v2\/users\/1"}],"replies":[{"embeddable":true,"href":"http:\/\/www.mitjatapio.fi\/index.php\/wp-json\/wp\/v2\/comments?post=87"}],"version-history":[{"count":2,"href":"http:\/\/www.mitjatapio.fi\/index.php\/wp-json\/wp\/v2\/pages\/87\/revisions"}],"predecessor-version":[{"id":111,"href":"http:\/\/www.mitjatapio.fi\/index.php\/wp-json\/wp\/v2\/pages\/87\/revisions\/111"}],"wp:attachment":[{"href":"http:\/\/www.mitjatapio.fi\/index.php\/wp-json\/wp\/v2\/media?parent=87"}],"curies":[{"name":"wp","href":"https:\/\/api.w.org\/{rel}","templated":true}]}}