{"id":84,"date":"2025-03-22T12:55:05","date_gmt":"2025-03-22T10:55:05","guid":{"rendered":"https:\/\/www.mitjatapio.fi\/?page_id=84"},"modified":"2025-03-22T12:55:05","modified_gmt":"2025-03-22T10:55:05","slug":"mediaosumia","status":"publish","type":"page","link":"http:\/\/www.mitjatapio.fi\/index.php\/mediaosumia\/","title":{"rendered":"Mediaosumia"},"content":{"rendered":"\n<p class=\"has-white-background-color has-background\">Olen koonnut t\u00e4lle sivulle valikoiman artikkeleita, joihin minua on haastateltu tai joissa muuten olen keskeisess\u00e4 roolissa. Asteriskilla* merkityt ovat maksumuurin takana.<br><br><br><a href=\"https:\/\/www.aamulehti.fi\/tampere\/art-2000010748135.html\">Aamulehti* 13.10.2024: Tampereen p\u00e4\u00e4tt\u00e4j\u00e4t vietiin Kaupin metsiin lobbausretkelle<\/a><br><br><a href=\"https:\/\/www.aamulehti.fi\/tampere\/art-2000010641542.html\">Aamulehti* 21.8.2024: Tamperelaisia h\u00e4\u00e4det\u00e4\u00e4n kodeistaan nyt kiihtyv\u00e4ll\u00e4 tahdilla \u2013 Asunnottomissa uusi ryhm\u00e4: \u201dTodella huolestuttavaa\u201d<\/a><br><br><a href=\"https:\/\/www.aamulehti.fi\/tampere\/art-2000010003762.html\">Aamulehti 20.11.2023: K\u00f6yhien m\u00e4\u00e4r\u00e4 on kasvanut rajusti Tampereella \u2013 Valtuusto sai hyvi\u00e4 uutisia kaavailluista lis\u00e4leikkauksista keskelle k\u00f6yhyyskeskustelua<\/a><br><br><a href=\"https:\/\/www.aamulehti.fi\/tampere\/art-2000009637054.html\">Aamulehti 6.6.2023: Tamperelainen vasemmisto\u00adpoliitikko vaihtoi nimens\u00e4<\/a><br><br><a href=\"https:\/\/yle.fi\/a\/74-20021647\">Yle 13.3.2023: Miehill\u00e4 on suurin osa Tampereen johtoteht\u00e4vist\u00e4, ja pian naisia ei ehk\u00e4 ole edes pormestareissa \u2013 Kalervo Kummola: \u201dEnemm\u00e4nkin sattumaa\u201d<\/a><br><br><a href=\"https:\/\/www.tamperelainen.fi\/paikalliset\/5678682\">Tamperelainen 25.1.2023: Vasemmistoliitto vaihtaa ryhmyri\u00e4 \u2013 &#8221;Tamperetta ei pid\u00e4 kehitt\u00e4\u00e4 br\u00e4ndi vaan kaupunkilaisten tarpeet edell\u00e4&#8221;<\/a><br><br><a href=\"https:\/\/www.aamulehti.fi\/tampere\/art-2000009156152.html\">Aamulehti 24.10.2022: Valvontakameroita lis\u00e4t\u00e4\u00e4n Kytt\u00e4l\u00e4\u00e4n Tampereella \u2013\u2009valtuustossa nousi my\u00f6s vastahankaa<\/a><br><br><a href=\"https:\/\/www.aamulehti.fi\/tampere\/art-2000009024147.html\">Aamulehti 25.8.2022: Tampere teetti uuden selvityksen vesilaitoksen myynnist\u00e4: Kaupunki saisi kaupasta 165 miljoonan euron potin \u2013 N\u00e4in muutos vaikuttaisi kuluttajiin<br><\/a><br><a href=\"https:\/\/www.aamulehti.fi\/tampere\/art-2000008973568.html\">Aamulehti 30.7.2022: Huumeiden k\u00e4ytt\u00f6huoneet jakavat mielipiteit\u00e4 Tampereen isoissa valtuustoryhmiss\u00e4 \u2013 \u201dToivottavasti kaupunkeja t\u00e4ss\u00e4 asiassa kuunnellaan\u201d<\/a><br><br><a href=\"https:\/\/yle.fi\/a\/3-12159813\">Yle 26.10.2021: Olisiko Tampereen valtuuston rasistiseksi koettu kokous pit\u00e4nyt keskeytt\u00e4\u00e4? Ilmari Nurminen: &#8221;Puheenjohtajana nojaan toimintani lakiin&#8221;<\/a><br><br><a href=\"https:\/\/yle.fi\/a\/3-12114167\">Yle 26.9.2021: Tampereen yliopisto poisti Elokapinan julisteet ilmoitustauluilta ja joutui puolustamaan linjaansa: &#8221;Poistamme aika s\u00e4\u00e4nn\u00f6llisesti eri materiaaleja&#8221;<\/a><br><br><a href=\"https:\/\/www.aamulehti.fi\/tampere\/art-2000008191903.html\">Aamulehti* 13.8.2021: Parkkiruutujen v\u00e4hent\u00e4minen ja Kaupin mets\u00e4n kaataminen hiert\u00e4v\u00e4t koalitiosta ulosj\u00e4\u00e4neit\u00e4 \u2013 N\u00e4in perussuomalaiset ja vasemmisto kommentoivat Tampereen pormestariohjelmaa<br><\/a><br><a href=\"https:\/\/www.aamulehti.fi\/tampere\/art-2000008105217.html\">Aamulehti 6.7.2021: Uusi k\u00e4\u00e4nne Tampereen pormestarikoalition muodostumisessa: Vasemmistoliitto j\u00e4\u00e4 ulos<br><\/a><br><a href=\"https:\/\/www.aamulehti.fi\/tampere\/art-2000007799408.html\">Aamulehti* 21.2.2021: N\u00e4in Tampereen valtuusto ty\u00f6skenteli: seitsem\u00e4n poliitikkoa istui jokaisen kokouksen alusta loppuun \u2013 Yksi ilmi\u00f6 saa nyt heilt\u00e4 kovaa kritiikki\u00e4<\/a><br><br><a href=\"https:\/\/www.aamulehti.fi\/pirkanmaa\/art-2000007521603.html\">Aamulehti 28.10.2020: Opiskelija-alennuksen saisi joukkoliikenteess\u00e4 jatkossa vain mobiilisovelluksella \u2013 opiskelijat pit\u00e4v\u00e4t suunniteltuja k\u00e4yt\u00e4nt\u00f6j\u00e4 eriarvoistavina<\/a><br><br><a href=\"https:\/\/www.aamulehti.fi\/tampere\/art-2000007582047.html\">Aamulehti 17.2.2020: Valtuutetut esitt\u00e4v\u00e4t, ett\u00e4 Tampereelle julistetaan ilmastoh\u00e4t\u00e4tila<\/a><br><br><a href=\"https:\/\/www.aamulehti.fi\/tampere\/art-2000007422838.html\">Aamulehti 11.7.2019: Leiri her\u00e4tti kohun, ampumista harjoiteltiin tunnettujen henkil\u00f6iden kuviin<\/a><br><br><a href=\"https:\/\/www.aamulehti.fi\/uutiset\/art-2000007445420.html\">Aamulehti 26.3.2019: V\u00e4kivallan uhka saa eduskuntavaaliehdokkaat etsim\u00e4\u00e4n Pirkanmaalla tukea toisiltaan<\/a><br><\/p>\n\n\n\n<p><br><br><br><br><\/p>\n","protected":false},"excerpt":{"rendered":"<p>Olen koonnut t\u00e4lle sivulle valikoiman artikkeleita, joihin minua on haastateltu tai joissa muuten olen keskeisess\u00e4 roolissa. Asteriskilla* merkityt ovat maksumuurin takana. Aamulehti* 13.10.2024: Tampereen p\u00e4\u00e4tt\u00e4j\u00e4t vietiin Kaupin metsiin lobbausretkelle Aamulehti* 21.8.2024: Tamperelaisia h\u00e4\u00e4det\u00e4\u00e4n kodeistaan nyt kiihtyv\u00e4ll\u00e4 tahdilla \u2013 Asunnottomissa uusi ryhm\u00e4: \u201dTodella huolestuttavaa\u201d Aamulehti 20.11.2023: K\u00f6yhien m\u00e4\u00e4r\u00e4 on kasvanut rajusti Tampereella \u2013 Valtuusto sai hyvi\u00e4&hellip; <a class=\"more-link\" href=\"http:\/\/www.mitjatapio.fi\/index.php\/mediaosumia\/\">Jatka lukemista <span class=\"screen-reader-text\">Mediaosumia<\/span><\/a><\/p>\n","protected":false},"author":1,"featured_media":0,"parent":0,"menu_order":0,"comment_status":"closed","ping_status":"closed","template":"","meta":{"footnotes":""},"class_list":["post-84","page","type-page","status-publish","hentry","entry"],"_links":{"self":[{"href":"http:\/\/www.mitjatapio.fi\/index.php\/wp-json\/wp\/v2\/pages\/84","targetHints":{"allow":["GET"]}}],"collection":[{"href":"http:\/\/www.mitjatapio.fi\/index.php\/wp-json\/wp\/v2\/pages"}],"about":[{"href":"http:\/\/www.mitjatapio.fi\/index.php\/wp-json\/wp\/v2\/types\/page"}],"author":[{"embeddable":true,"href":"http:\/\/www.mitjatapio.fi\/index.php\/wp-json\/wp\/v2\/users\/1"}],"replies":[{"embeddable":true,"href":"http:\/\/www.mitjatapio.fi\/index.php\/wp-json\/wp\/v2\/comments?post=84"}],"version-history":[{"count":2,"href":"http:\/\/www.mitjatapio.fi\/index.php\/wp-json\/wp\/v2\/pages\/84\/revisions"}],"predecessor-version":[{"id":86,"href":"http:\/\/www.mitjatapio.fi\/index.php\/wp-json\/wp\/v2\/pages\/84\/revisions\/86"}],"wp:attachment":[{"href":"http:\/\/www.mitjatapio.fi\/index.php\/wp-json\/wp\/v2\/media?parent=84"}],"curies":[{"name":"wp","href":"https:\/\/api.w.org\/{rel}","templated":true}]}}