{"id":75,"date":"2025-03-22T11:43:59","date_gmt":"2025-03-22T09:43:59","guid":{"rendered":"https:\/\/www.mitjatapio.fi\/?page_id=75"},"modified":"2025-03-22T11:44:34","modified_gmt":"2025-03-22T09:44:34","slug":"75-2","status":"publish","type":"page","link":"http:\/\/www.mitjatapio.fi\/index.php\/75-2\/","title":{"rendered":"Mitja p\u00e5 svenska"},"content":{"rendered":"\n<p class=\"has-white-background-color has-background\">Jag heter Mitja Tapio och jag \u00e4r en 28-\u00e5ring V\u00e4nsterf\u00f6rbundets representant i Tammerfors stadsfullm\u00e4ktige och stadsstyrelse. Jag \u00e4r ocks\u00e5 ordf\u00f6randen i V\u00e4nsterf\u00f6rbundets fullm\u00e4ktigegrupp. I v\u00e5r i kommunalvalet \u00e4r jag igen en kandidat.<br><br>Mina politiska prioriteter \u00e4r en socialt r\u00e4ttvis och ekologiskt h\u00e5llbar v\u00e4rld. F\u00f6r detta m\u00e5l har jag arbetat under tv\u00e5 fullm\u00e4ktigeperioder. Enligt mig borde Tammerfors vara\u2026<br><br><strong>folkets stad<\/strong> som \u00e5tar sig att minska fattigdom och att \u00f6ka likabehandling. Tammerfors m\u00e5ste vara ett bra hem f\u00f6r alla sina inv\u00e5nare och motverka diskriminerande politik som st\u00e4rkar oj\u00e4mlikhet.<br><br><strong>naturens stad<\/strong> som skyddar v\u00e5ra gamla skogar och andra ov\u00e4rderliga naturtyper samtidigt som staden ocks\u00e5 skapar en lummig byggd milj\u00f6. Tammerfors kan ha en of\u00f6ruts\u00e4gbart stor effekt n\u00e4r vi st\u00e5r emot politik som accelererar naturbortfall och klimatkrisen.<br><br><strong>kulturens stad<\/strong> som st\u00e4rker m\u00f6jligheter f\u00f6r alla att jobba med, syssla med och uppleva olika konstformer. Tammerfors m\u00e5ste opponera sig mot politik som f\u00f6rsvagar kultur och vi m\u00e5ste st\u00e4rka varierat konstomr\u00e5dets verksamhetsvillkor i v\u00e5r stad.<br><br>Dessa teman \u00e4r viktiga f\u00f6r att statens regering fr\u00e4mjar politik som \u00e4ventyrar alla de h\u00e4r m\u00e5ls\u00e4ttningarna. Jag vill att Tampere ska s\u00e4tta sig starkt mot s\u00e5dan politik.<br><br>&#8212;<br>Jag studerar till finsnickare i mitt annat \u00e5r. Min bakgrund inneh\u00e5ller ocks\u00e5 samh\u00e4llsvetenskap i Tammerfors universitet varifr\u00e5n bytte jag till snickareundervisningen i 2023. Dessutom har jag jobbat som aktivist genom f\u00f6reningar och gr\u00e4srotskollektiva i \u00e5ratal samt engagerat i studentr\u00f6relsen.<br><br>Kommunalvalet f\u00f6rr\u00e4ttas den 13 april 2025. F\u00f6rhandsr\u00f6stning f\u00f6rr\u00e4ttas den 2\u20138 april 2025. R\u00f6stber\u00e4ttigade \u00e4r de som bo i Finland, \u00e4r myndiga och<br><br>&#8211;  finska medborgare<br>&#8211; medborgare i andra EU-medlemsstater eller isl\u00e4ndska och norska medborgare<br>&#8211; medborgare i andra stater som har varit bosatta i kommunen i minst tv\u00e5 \u00e5r<br><br>L\u00e4s mer om v\u00e4lf\u00e4rdsomr\u00e5des- och kommunalvalet: <a href=\"https:\/\/vaalit.fi\/sv\/valfardsomrades-och-kommunalval\">https:\/\/vaalit.fi\/sv\/valfardsomrades-och-kommunalval<\/a><br><br>L\u00e4s mer om V\u00e4nsterf\u00f6rbundet: <a href=\"https:\/\/vasemmisto.fi\/startsidan\/\">https:\/\/vasemmisto.fi\/startsidan\/<\/a><br><br><strong>Kontaktinformation\u00a0<br><\/strong>E-post: mitja.tapio[at]tampere.fi<br><a href=\"https:\/\/www.instagram.com\/mitja_tapio\/\">Instagram<\/a><br><a href=\"https:\/\/www.facebook.com\/MitjaTapioTre\">Facebook<\/a><br><br><strong>Donera till min valr\u00f6relse<br><\/strong><br>Du kan donera pengar till min valr\u00f6relse genom V\u00e4nsterf\u00f6rbundets kandidatgalleri (<a href=\"https:\/\/vasemmisto.fi\/alue-ja-kuntavaalit\/loyda-kuntavaaliehdokkaasi\/\">https:\/\/vasemmisto.fi\/alue-ja-kuntavaalit\/loyda-kuntavaaliehdokkaasi\/<\/a> och klicka \u201dp\u00e5 svenska\u201d). Pengarna anv\u00e4nds av min kampanjteam. Donationer fr\u00e5n privatpersoner \u00e4r centrala till min kampanjfinansiering och \u00e4ven lilla donationer hj\u00e4lper mig j\u00e4ttemycket. Jag ska publicera valfinansierings f\u00f6rhandsredovisning p\u00e5 denna sida innan valet.<\/p>\n","protected":false},"excerpt":{"rendered":"<p>Jag heter Mitja Tapio och jag \u00e4r en 28-\u00e5ring V\u00e4nsterf\u00f6rbundets representant i Tammerfors stadsfullm\u00e4ktige och stadsstyrelse. Jag \u00e4r ocks\u00e5 ordf\u00f6randen i V\u00e4nsterf\u00f6rbundets fullm\u00e4ktigegrupp. I v\u00e5r i kommunalvalet \u00e4r jag igen en kandidat. Mina politiska prioriteter \u00e4r en socialt r\u00e4ttvis och ekologiskt h\u00e5llbar v\u00e4rld. F\u00f6r detta m\u00e5l har jag arbetat under tv\u00e5 fullm\u00e4ktigeperioder. Enligt mig borde&hellip; <a class=\"more-link\" href=\"http:\/\/www.mitjatapio.fi\/index.php\/75-2\/\">Jatka lukemista <span class=\"screen-reader-text\">Mitja p\u00e5 svenska<\/span><\/a><\/p>\n","protected":false},"author":1,"featured_media":0,"parent":0,"menu_order":0,"comment_status":"closed","ping_status":"closed","template":"","meta":{"footnotes":""},"class_list":["post-75","page","type-page","status-publish","hentry","entry"],"_links":{"self":[{"href":"http:\/\/www.mitjatapio.fi\/index.php\/wp-json\/wp\/v2\/pages\/75","targetHints":{"allow":["GET"]}}],"collection":[{"href":"http:\/\/www.mitjatapio.fi\/index.php\/wp-json\/wp\/v2\/pages"}],"about":[{"href":"http:\/\/www.mitjatapio.fi\/index.php\/wp-json\/wp\/v2\/types\/page"}],"author":[{"embeddable":true,"href":"http:\/\/www.mitjatapio.fi\/index.php\/wp-json\/wp\/v2\/users\/1"}],"replies":[{"embeddable":true,"href":"http:\/\/www.mitjatapio.fi\/index.php\/wp-json\/wp\/v2\/comments?post=75"}],"version-history":[{"count":2,"href":"http:\/\/www.mitjatapio.fi\/index.php\/wp-json\/wp\/v2\/pages\/75\/revisions"}],"predecessor-version":[{"id":77,"href":"http:\/\/www.mitjatapio.fi\/index.php\/wp-json\/wp\/v2\/pages\/75\/revisions\/77"}],"wp:attachment":[{"href":"http:\/\/www.mitjatapio.fi\/index.php\/wp-json\/wp\/v2\/media?parent=75"}],"curies":[{"name":"wp","href":"https:\/\/api.w.org\/{rel}","templated":true}]}}