{"id":112,"date":"2025-11-17T09:40:05","date_gmt":"2025-11-17T07:40:05","guid":{"rendered":"https:\/\/www.mitjatapio.fi\/?page_id=112"},"modified":"2025-11-17T10:19:29","modified_gmt":"2025-11-17T08:19:29","slug":"ehdolla-puoluevaltuuston-puheenjohtajaksi","status":"publish","type":"page","link":"http:\/\/www.mitjatapio.fi\/index.php\/ehdolla-puoluevaltuuston-puheenjohtajaksi\/","title":{"rendered":"Ehdolla puoluevaltuuston puheenjohtajaksi"},"content":{"rendered":"\n<p class=\"has-white-background-color has-background\"><strong>Vasemmistoliiton puoluekokous pidet\u00e4\u00e4n Vantaalla 21.-23.11. ja min\u00e4 olen ehdolla puoluevaltuuston puheenjohtajaksi!<br><\/strong><br>Tavoittelen puoluevaltuuston puheenjohtajuutta, koska niin vaalien, poliittisten kamppailujen kuin ihmisten syd\u00e4ntenkin voittamiseen vaaditaan j\u00e4senkeskeist\u00e4 ja saavutettavaa puoluetoimintaa, vahvalle demokratialle perustuvaa sis\u00e4ist\u00e4 p\u00e4\u00e4t\u00f6ksentekoa sek\u00e4 toimintakulttuuria, jossa rohkenemme tavoitella voittoja tinkim\u00e4tt\u00f6m\u00e4n vasemmistolaisella politiikalla.<br><br><strong>Olen toiminut vasemmistoliitossa ja muualla vasemmistolaisessa liikkeess\u00e4 sek\u00e4 paikallisesti ett\u00e4 valtakunnallisesti yli kymmenen vuoden ajan.<\/strong> Minulla on kokemusta kaupunginvaltuustossa toimimisen ohessa kunnallisj\u00e4rjest\u00f6st\u00e4, puoluevaltuustosta ja puolueen ty\u00f6ryhm\u00e4ty\u00f6st\u00e4, Vasemmistonuorista paikallistasolta liittohallitukseen, ylioppilasliikkeest\u00e4 Tampereen yliopiston edustajistosta ja hallituksesta sek\u00e4 ruohonjuuritason aktivismista. N\u00e4in\u00e4 vuosina olen juhlinut vaalivoitot, itkenyt tappiot, neuvotellut kabineteissa, pystytt\u00e4nyt telttoja, pit\u00e4nyt palopuheita ja visioinut tulevaa yhdess\u00e4 lukemattomien tovereiden kanssa.<br><br>N\u00e4iden vuosien aikana olen oppinut, ett\u00e4 me olemme vahvimmillamme, kun koko kentt\u00e4 on mukana ty\u00f6ss\u00e4. Me voitamme ihmisten sitoutuneisuudella, kovalla ty\u00f6ll\u00e4 ja rohkeudella vaatia. Kasvava j\u00e4senm\u00e4\u00e4r\u00e4, viime vuosien vaalivoitot ja toivoa her\u00e4tt\u00e4v\u00e4t kansainv\u00e4liset esimerkit kertovat, ett\u00e4 jos me nyt onnistumme ottamaan koko j\u00e4senist\u00f6n innon, palon ja kyvyt k\u00e4ytt\u00f6\u00f6n, <strong>meill\u00e4 on mahdollisuus tavoitella puoluekent\u00e4ll\u00e4 my\u00f6s kannatuksessa johtavan vasemmistopuolueen asemaa<\/strong>.<br><br>Puoluevaltuuston puheenjohtajana toimisin varmistaakseni, ett\u00e4 t\u00e4m\u00e4 potentiaali otetaan todelliseen hy\u00f6tyk\u00e4ytt\u00f6\u00f6n. Puoluevaltuusto edustaa koko vasemmistoliiton kentt\u00e4\u00e4 ja siksi se on avainasemassa t\u00e4ss\u00e4 ty\u00f6ss\u00e4. Puheenjohtajana olen kuunteleva, kannustava ja kehitt\u00e4v\u00e4: <strong>tahdon, ett\u00e4 puoluevaltuusto on toimielin, joka saa kent\u00e4n \u00e4\u00e4nen kuuluviin ja tarjoaa jokaiselle j\u00e4senelleen aidon mahdollisuuden vaikuttaa niin puolueen politiikkaan kuin toimintaankin<\/strong>.<br><br><strong>Lue lis\u00e4\u00e4 teemoistani!<br><\/strong><a href=\"https:\/\/www.mitjatapio.fi\/index.php\/jasenten-vasemmistoliitto\/\" data-type=\"page\" data-id=\"124\">J\u00e4senten vasemmistoliitto<\/a><br><a href=\"https:\/\/www.mitjatapio.fi\/index.php\/demokraattinen-vasemmistoliitto\/\" data-type=\"page\" data-id=\"126\">Demokraattinen vasemmistoliitto<\/a><br><a href=\"https:\/\/www.mitjatapio.fi\/index.php\/voittava-vasemmistoliitto\/\" data-type=\"page\" data-id=\"130\">Voittava vasemmistoliitto<\/a><\/p>\n","protected":false},"excerpt":{"rendered":"<p>Vasemmistoliiton puoluekokous pidet\u00e4\u00e4n Vantaalla 21.-23.11. ja min\u00e4 olen ehdolla puoluevaltuuston puheenjohtajaksi!Tavoittelen puoluevaltuuston puheenjohtajuutta, koska niin vaalien, poliittisten kamppailujen kuin ihmisten syd\u00e4ntenkin voittamiseen vaaditaan j\u00e4senkeskeist\u00e4 ja saavutettavaa puoluetoimintaa, vahvalle demokratialle perustuvaa sis\u00e4ist\u00e4 p\u00e4\u00e4t\u00f6ksentekoa sek\u00e4 toimintakulttuuria, jossa rohkenemme tavoitella voittoja tinkim\u00e4tt\u00f6m\u00e4n vasemmistolaisella politiikalla. Olen toiminut vasemmistoliitossa ja muualla vasemmistolaisessa liikkeess\u00e4 sek\u00e4 paikallisesti ett\u00e4 valtakunnallisesti yli kymmenen vuoden&hellip; <a class=\"more-link\" href=\"http:\/\/www.mitjatapio.fi\/index.php\/ehdolla-puoluevaltuuston-puheenjohtajaksi\/\">Jatka lukemista <span class=\"screen-reader-text\">Ehdolla puoluevaltuuston puheenjohtajaksi<\/span><\/a><\/p>\n","protected":false},"author":1,"featured_media":0,"parent":0,"menu_order":0,"comment_status":"closed","ping_status":"closed","template":"","meta":{"footnotes":""},"class_list":["post-112","page","type-page","status-publish","hentry","entry"],"_links":{"self":[{"href":"http:\/\/www.mitjatapio.fi\/index.php\/wp-json\/wp\/v2\/pages\/112","targetHints":{"allow":["GET"]}}],"collection":[{"href":"http:\/\/www.mitjatapio.fi\/index.php\/wp-json\/wp\/v2\/pages"}],"about":[{"href":"http:\/\/www.mitjatapio.fi\/index.php\/wp-json\/wp\/v2\/types\/page"}],"author":[{"embeddable":true,"href":"http:\/\/www.mitjatapio.fi\/index.php\/wp-json\/wp\/v2\/users\/1"}],"replies":[{"embeddable":true,"href":"http:\/\/www.mitjatapio.fi\/index.php\/wp-json\/wp\/v2\/comments?post=112"}],"version-history":[{"count":4,"href":"http:\/\/www.mitjatapio.fi\/index.php\/wp-json\/wp\/v2\/pages\/112\/revisions"}],"predecessor-version":[{"id":137,"href":"http:\/\/www.mitjatapio.fi\/index.php\/wp-json\/wp\/v2\/pages\/112\/revisions\/137"}],"wp:attachment":[{"href":"http:\/\/www.mitjatapio.fi\/index.php\/wp-json\/wp\/v2\/media?parent=112"}],"curies":[{"name":"wp","href":"https:\/\/api.w.org\/{rel}","templated":true}]}}