{"id":101,"date":"2025-03-30T10:29:43","date_gmt":"2025-03-30T08:29:43","guid":{"rendered":"https:\/\/www.mitjatapio.fi\/?page_id=101"},"modified":"2025-03-30T10:29:43","modified_gmt":"2025-03-30T08:29:43","slug":"kulttuurin-kaupunki","status":"publish","type":"page","link":"http:\/\/www.mitjatapio.fi\/index.php\/kulttuurin-kaupunki\/","title":{"rendered":"Kulttuurin kaupunki"},"content":{"rendered":"\n<p class=\"has-white-background-color has-background\"><strong>Tulevaisuuden Tampere on kulttuurin kaupunki joka vahvistaa mahdollisuuksia tehd\u00e4 ty\u00f6t\u00e4, harrastaa ja kokea kulttuurin eri muotojen parissa. Se on vastavoima kulttuuria n\u00e4ivett\u00e4v\u00e4lle politiikalle.<br><\/strong><br>Siin\u00e4 kaupungissa kulttuuri n\u00e4hd\u00e4\u00e4n jokaisen oikeutena. Tampere huolehtii, ett\u00e4 kaupungissa on maksutonta kulttuuria joka makuun. Kulttuurin keinoin on jo kauan toimittu alueellista eriytymist\u00e4 vastaan: tamperelaiset l\u00e4hi\u00f6t tunnetaan muun muassa v\u00e4rikk\u00e4\u00e4st\u00e4 kaupunkikuvasta ja omaleimaisista tapahtumista. Kaupunki tarjoaa matalalla kynnyksell\u00e4 tukea pieniinkin projekteihin ja tarjoaa muhkean kattauksen harrastusmahdollisuuksia. Tampere my\u00f6s huolehtii siit\u00e4, ett\u00e4 v\u00e4hemmist\u00f6kulttuureilla ja v\u00e4hemmist\u00f6ihin kuuluvien tekem\u00e4ll\u00e4 kulttuurilla on vahva asema kaupungissa.<br><br>Tulevaisuuden Tampereella useampi tamperelainen saa elantonsa kulttuurialalta, eik\u00e4 2020-luvun valtakunnallinen leikkausvimma sammuttanut valoja. Vire\u00e4t tapahtumapaikat tuovat ihmisi\u00e4 Tampereelle, ja syntyyp\u00e4 sen my\u00f6t\u00e4 ty\u00f6paikkoja my\u00f6s palvelualoille. Tampere itsekin tilaa runsaasti taidetta ja palkkaa taiteilijoita.<br><br>Siin\u00e4 kaupungissa ei ty\u00f6tilojen puute paina: kaupunki on hankkinut kulttuurin tekij\u00f6ille vuokrattavaksi riitt\u00e4v\u00e4sti tiloja. Kaupungin omistamista kulttuurin tiloista on pidetty hyv\u00e4\u00e4 huolta, eik\u00e4 niit\u00e4 ole myyty pois. 2020-luvulla alkanut k\u00e4yt\u00e4nt\u00f6 luovuttaa v\u00e4liaikaisesti tyhji\u00e4 kiinteist\u00f6j\u00e4 kulttuurik\u00e4ytt\u00f6\u00f6n on jo vakiintunut ja vahva osa kaupungin kulttuuripolitiikkaa.<\/p>\n","protected":false},"excerpt":{"rendered":"<p>Tulevaisuuden Tampere on kulttuurin kaupunki joka vahvistaa mahdollisuuksia tehd\u00e4 ty\u00f6t\u00e4, harrastaa ja kokea kulttuurin eri muotojen parissa. Se on vastavoima kulttuuria n\u00e4ivett\u00e4v\u00e4lle politiikalle.Siin\u00e4 kaupungissa kulttuuri n\u00e4hd\u00e4\u00e4n jokaisen oikeutena. Tampere huolehtii, ett\u00e4 kaupungissa on maksutonta kulttuuria joka makuun. Kulttuurin keinoin on jo kauan toimittu alueellista eriytymist\u00e4 vastaan: tamperelaiset l\u00e4hi\u00f6t tunnetaan muun muassa v\u00e4rikk\u00e4\u00e4st\u00e4 kaupunkikuvasta ja omaleimaisista&hellip; <a class=\"more-link\" href=\"http:\/\/www.mitjatapio.fi\/index.php\/kulttuurin-kaupunki\/\">Jatka lukemista <span class=\"screen-reader-text\">Kulttuurin kaupunki<\/span><\/a><\/p>\n","protected":false},"author":1,"featured_media":0,"parent":0,"menu_order":0,"comment_status":"closed","ping_status":"closed","template":"","meta":{"footnotes":""},"class_list":["post-101","page","type-page","status-publish","hentry","entry"],"_links":{"self":[{"href":"http:\/\/www.mitjatapio.fi\/index.php\/wp-json\/wp\/v2\/pages\/101","targetHints":{"allow":["GET"]}}],"collection":[{"href":"http:\/\/www.mitjatapio.fi\/index.php\/wp-json\/wp\/v2\/pages"}],"about":[{"href":"http:\/\/www.mitjatapio.fi\/index.php\/wp-json\/wp\/v2\/types\/page"}],"author":[{"embeddable":true,"href":"http:\/\/www.mitjatapio.fi\/index.php\/wp-json\/wp\/v2\/users\/1"}],"replies":[{"embeddable":true,"href":"http:\/\/www.mitjatapio.fi\/index.php\/wp-json\/wp\/v2\/comments?post=101"}],"version-history":[{"count":1,"href":"http:\/\/www.mitjatapio.fi\/index.php\/wp-json\/wp\/v2\/pages\/101\/revisions"}],"predecessor-version":[{"id":102,"href":"http:\/\/www.mitjatapio.fi\/index.php\/wp-json\/wp\/v2\/pages\/101\/revisions\/102"}],"wp:attachment":[{"href":"http:\/\/www.mitjatapio.fi\/index.php\/wp-json\/wp\/v2\/media?parent=101"}],"curies":[{"name":"wp","href":"https:\/\/api.w.org\/{rel}","templated":true}]}}